{"id":917490,"date":"2025-04-19T18:10:28","date_gmt":"2025-04-19T16:10:28","guid":{"rendered":"https:\/\/laseniora.se\/product\/la-seniora-fankalsfro-s-burk-40gx20st-forpa\/"},"modified":"2026-02-20T23:01:47","modified_gmt":"2026-02-20T22:01:47","slug":"la-seniora-fankalsfro-s-burk-40gx20st-forpa","status":"publish","type":"product","link":"https:\/\/laseniora.se\/en\/product\/la-seniora-fankalsfro-s-burk-40gx20st-forpa\/","title":{"rendered":"La Seniora F\u00e4nk\u00e5lsfr\u00f6 S burk 40gx20st\/f\u00f6rpa"},"content":{"rendered":"","protected":false},"excerpt":{"rendered":"","protected":false},"featured_media":927695,"template":"","meta":[],"product_brand":[],"product_cat":[1661],"product_tag":[],"product-brand":[1695],"class_list":{"0":"post-917490","1":"product","2":"type-product","3":"status-publish","4":"has-post-thumbnail","6":"product_cat-spices-herbs","7":"product-brand-la-seniora","9":"first","10":"instock","11":"purchasable","12":"product-type-simple"},"aioseo_notices":[],"_links":{"self":[{"href":"https:\/\/laseniora.se\/en\/wp-json\/wp\/v2\/product\/917490","targetHints":{"allow":["GET"]}}],"collection":[{"href":"https:\/\/laseniora.se\/en\/wp-json\/wp\/v2\/product"}],"about":[{"href":"https:\/\/laseniora.se\/en\/wp-json\/wp\/v2\/types\/product"}],"version-history":[{"count":0,"href":"https:\/\/laseniora.se\/en\/wp-json\/wp\/v2\/product\/917490\/revisions"}],"wp:featuredmedia":[{"embeddable":true,"href":"https:\/\/laseniora.se\/en\/wp-json\/wp\/v2\/media\/927695"}],"wp:attachment":[{"href":"https:\/\/laseniora.se\/en\/wp-json\/wp\/v2\/media?parent=917490"}],"wp:term":[{"taxonomy":"product_brand","embeddable":true,"href":"https:\/\/laseniora.se\/en\/wp-json\/wp\/v2\/product_brand?post=917490"},{"taxonomy":"product_cat","embeddable":true,"href":"https:\/\/laseniora.se\/en\/wp-json\/wp\/v2\/product_cat?post=917490"},{"taxonomy":"product_tag","embeddable":true,"href":"https:\/\/laseniora.se\/en\/wp-json\/wp\/v2\/product_tag?post=917490"},{"taxonomy":"product-brand","embeddable":true,"href":"https:\/\/laseniora.se\/en\/wp-json\/wp\/v2\/product-brand?post=917490"}],"curies":[{"name":"wp","href":"https:\/\/api.w.org\/{rel}","templated":true}]}}