{"id":913160,"date":"2025-04-19T17:20:45","date_gmt":"2025-04-19T15:20:45","guid":{"rendered":"https:\/\/laseniora.se\/product\/chtoura-food-granatapple-sas-klamflaska-500ml-x-12st\/"},"modified":"2026-03-03T23:00:17","modified_gmt":"2026-03-03T22:00:17","slug":"chtoura-foods-granatapple-sas-klamflaska-500ml-x-12st","status":"publish","type":"product","link":"https:\/\/laseniora.se\/en\/product\/chtoura-foods-granatapple-sas-klamflaska-500ml-x-12st\/","title":{"rendered":"Chtoura Foods Granat\u00e4pple s\u00e5s kl\u00e4mflaska 500mlx12st\/f\u00f6rp**"},"content":{"rendered":"","protected":false},"excerpt":{"rendered":"","protected":false},"featured_media":925127,"template":"","meta":[],"product_brand":[],"product_cat":[1670],"product_tag":[],"product-brand":[1668],"class_list":{"0":"post-913160","1":"product","2":"type-product","3":"status-publish","4":"has-post-thumbnail","6":"product_cat-syrups-molasses","7":"product-brand-chtoura-foods","9":"first","10":"outofstock","11":"purchasable","12":"product-type-simple"},"aioseo_notices":[],"_links":{"self":[{"href":"https:\/\/laseniora.se\/en\/wp-json\/wp\/v2\/product\/913160","targetHints":{"allow":["GET"]}}],"collection":[{"href":"https:\/\/laseniora.se\/en\/wp-json\/wp\/v2\/product"}],"about":[{"href":"https:\/\/laseniora.se\/en\/wp-json\/wp\/v2\/types\/product"}],"version-history":[{"count":0,"href":"https:\/\/laseniora.se\/en\/wp-json\/wp\/v2\/product\/913160\/revisions"}],"wp:featuredmedia":[{"embeddable":true,"href":"https:\/\/laseniora.se\/en\/wp-json\/wp\/v2\/media\/925127"}],"wp:attachment":[{"href":"https:\/\/laseniora.se\/en\/wp-json\/wp\/v2\/media?parent=913160"}],"wp:term":[{"taxonomy":"product_brand","embeddable":true,"href":"https:\/\/laseniora.se\/en\/wp-json\/wp\/v2\/product_brand?post=913160"},{"taxonomy":"product_cat","embeddable":true,"href":"https:\/\/laseniora.se\/en\/wp-json\/wp\/v2\/product_cat?post=913160"},{"taxonomy":"product_tag","embeddable":true,"href":"https:\/\/laseniora.se\/en\/wp-json\/wp\/v2\/product_tag?post=913160"},{"taxonomy":"product-brand","embeddable":true,"href":"https:\/\/laseniora.se\/en\/wp-json\/wp\/v2\/product-brand?post=913160"}],"curies":[{"name":"wp","href":"https:\/\/api.w.org\/{rel}","templated":true}]}}