{"id":912855,"date":"2025-04-19T17:17:10","date_gmt":"2025-04-19T15:17:10","guid":{"rendered":"https:\/\/laseniora.se\/product\/castania-super-extra-notter-pasar-gron-300g-x-10st\/"},"modified":"2026-04-16T23:00:11","modified_gmt":"2026-04-16T21:00:11","slug":"castania-super-extra-notter-pasar-gron-300g-x-10st","status":"publish","type":"product","link":"https:\/\/laseniora.se\/en\/product\/castania-super-extra-notter-pasar-gron-300g-x-10st\/","title":{"rendered":"Castania Super Extra n\u00f6tter p\u00e5sar gr\u00f6n 300gx10st\/f\u00f6rp**"},"content":{"rendered":"","protected":false},"excerpt":{"rendered":"","protected":false},"featured_media":924944,"template":"","meta":[],"product_brand":[],"product_cat":[1646],"product_tag":[],"product-brand":[1666],"class_list":{"0":"post-912855","1":"product","2":"type-product","3":"status-publish","4":"has-post-thumbnail","6":"product_cat-snacks","7":"product-brand-castania","9":"first","10":"instock","11":"purchasable","12":"product-type-simple"},"aioseo_notices":[],"_links":{"self":[{"href":"https:\/\/laseniora.se\/en\/wp-json\/wp\/v2\/product\/912855","targetHints":{"allow":["GET"]}}],"collection":[{"href":"https:\/\/laseniora.se\/en\/wp-json\/wp\/v2\/product"}],"about":[{"href":"https:\/\/laseniora.se\/en\/wp-json\/wp\/v2\/types\/product"}],"version-history":[{"count":0,"href":"https:\/\/laseniora.se\/en\/wp-json\/wp\/v2\/product\/912855\/revisions"}],"wp:featuredmedia":[{"embeddable":true,"href":"https:\/\/laseniora.se\/en\/wp-json\/wp\/v2\/media\/924944"}],"wp:attachment":[{"href":"https:\/\/laseniora.se\/en\/wp-json\/wp\/v2\/media?parent=912855"}],"wp:term":[{"taxonomy":"product_brand","embeddable":true,"href":"https:\/\/laseniora.se\/en\/wp-json\/wp\/v2\/product_brand?post=912855"},{"taxonomy":"product_cat","embeddable":true,"href":"https:\/\/laseniora.se\/en\/wp-json\/wp\/v2\/product_cat?post=912855"},{"taxonomy":"product_tag","embeddable":true,"href":"https:\/\/laseniora.se\/en\/wp-json\/wp\/v2\/product_tag?post=912855"},{"taxonomy":"product-brand","embeddable":true,"href":"https:\/\/laseniora.se\/en\/wp-json\/wp\/v2\/product-brand?post=912855"}],"curies":[{"name":"wp","href":"https:\/\/api.w.org\/{rel}","templated":true}]}}